{"id":199,"date":"2021-07-04T20:43:20","date_gmt":"2021-07-04T18:43:20","guid":{"rendered":"https:\/\/veteccce.ch\/?page_id=199"},"modified":"2021-07-08T10:15:59","modified_gmt":"2021-07-08T08:15:59","slug":"leitbild","status":"publish","type":"page","link":"https:\/\/veteccce.ch\/?page_id=199","title":{"rendered":"Leitbild"},"content":{"rendered":"\t\t<div data-elementor-type=\"wp-page\" data-elementor-id=\"199\" class=\"elementor elementor-199\">\n\t\t\t\t\t\t<section class=\"elementor-section elementor-top-section elementor-element elementor-element-4f840b67 elementor-section-boxed elementor-section-height-default elementor-section-height-default\" data-id=\"4f840b67\" data-element_type=\"section\">\n\t\t\t\t\t\t<div class=\"elementor-container elementor-column-gap-default\">\n\t\t\t\t\t<div class=\"elementor-column elementor-col-100 elementor-top-column elementor-element elementor-element-488c7faf\" data-id=\"488c7faf\" data-element_type=\"column\">\n\t\t\t<div class=\"elementor-widget-wrap elementor-element-populated\">\n\t\t\t\t\t\t<div class=\"elementor-element elementor-element-7378c9b elementor-widget elementor-widget-spacer\" data-id=\"7378c9b\" data-element_type=\"widget\" data-widget_type=\"spacer.default\">\n\t\t\t\t<div class=\"elementor-widget-container\">\n\t\t\t\t\t<div class=\"elementor-spacer\">\n\t\t\t<div class=\"elementor-spacer-inner\"><\/div>\n\t\t<\/div>\n\t\t\t\t<\/div>\n\t\t\t\t<\/div>\n\t\t\t\t<div class=\"elementor-element elementor-element-39d05bcf elementor-widget elementor-widget-text-editor\" data-id=\"39d05bcf\" data-element_type=\"widget\" data-widget_type=\"text-editor.default\">\n\t\t\t\t<div class=\"elementor-widget-container\">\n\t\t\t\t\t\t\t<!-- wp:paragraph -->\n<p><span style=\"color: #0000ff;\"><em><strong>\u201eVerstehen statt auswendig lernen\u201c<\/strong><\/em><\/span><\/p>\n<!-- \/wp:paragraph --><!-- wp:paragraph -->\n<p>Durch praxisbezogene, nach M\u00f6glichkeit fallbasierte Vortr\u00e4ge sollen die Teilnehmer die Kompetenz erwerben, Theorie-Praxis \u00fcbergreifend zu denken sowie Grundlagenwissen selbstst\u00e4ndig anzuwenden und an die Situation anzupassen.<\/p>\n<!-- \/wp:paragraph --><!-- wp:paragraph -->\n<p><span style=\"color: #0000ff;\"><strong>\u00a0<em>\u201eTeaching mit Engagement und Herz, aus Freude am Beruf und den medizinischen M\u00f6glichkeiten\u201c<\/em><\/strong><\/span><\/p>\n<!-- \/wp:paragraph --><!-- wp:paragraph -->\n<p>Durch meine Motivation zu lehren, motiviere ich meine Zuh\u00f6rer, mit gleicher Begeisterung zu lernen. Deshalb erachte ich es auch am Wichtigsten, dass ich -unabh\u00e4ngig vom Gegen\u00fcber -die Freude am Beruf und die Freude am Verstehen und somit den Sinn des Lernens weitergeben kann. Ich bin \u00fcberzeugt bin, dass die Freude am Lernen und der Erfolg bei der Anwendung in der Praxis der Haupttreiber f\u00fcr erfolgreiches Lernen, Weiterbilden und schlussendlich die Qualit\u00e4t unserer Dienstleistung am Patienten ist.<\/p>\n<!-- \/wp:paragraph --><!-- wp:paragraph -->\n<p><span style=\"color: #0000ff;\"><em><strong>\u201eBestm\u00f6gliche Qualit\u00e4t f\u00fcr Patienten, Tierbesitzer und Mitarbeiter bieten\u201c<\/strong><\/em><\/span><\/p>\n<!-- \/wp:paragraph --><!-- wp:paragraph -->\n<p>Ob Mithilfe beim Aufbau des Notfalldienstes oder einer professionellen (Intensiv-) Pflegestation, Beratung bei spezifischen F\u00e4llen, 1:1 Betreuung vor Ort oder Effizienz- und Qualit\u00e4tssteigerung durch auf die Klinik abgestimmte Anleitungen und SOP\u2019s\u00a0 -ich bin f\u00fcr Sie und das Team die ideale Ansprechperson.<\/p>\n<!-- \/wp:paragraph --><!-- wp:paragraph -->\n<p><span style=\"color: #0000ff;\"><em><strong>\u00a0\u201eErfahrung und Know-how weitergeben\u201c<\/strong><\/em><\/span><\/p>\n<!-- \/wp:paragraph --><!-- wp:paragraph -->\n<p>Meine langj\u00e4hrige klinische Erfahrung als Spezialistin, intensiver Einblick in und Mitarbeit in der Pflege sowie als Verantwortliche f\u00fcr Intern-, Resident- und FVH Programme sind die ideale Voraussetzungen daf\u00fcr.<\/p>\n<!-- \/wp:paragraph -->\t\t\t\t\t\t<\/div>\n\t\t\t\t<\/div>\n\t\t\t\t\t<\/div>\n\t\t<\/div>\n\t\t\t\t\t<\/div>\n\t\t<\/section>\n\t\t\t\t<section class=\"elementor-section elementor-top-section elementor-element elementor-element-e15f793 elementor-section-boxed elementor-section-height-default elementor-section-height-default\" data-id=\"e15f793\" data-element_type=\"section\">\n\t\t\t\t\t\t<div class=\"elementor-container elementor-column-gap-default\">\n\t\t\t\t\t<div class=\"elementor-column elementor-col-100 elementor-top-column elementor-element elementor-element-1eb3aaa\" data-id=\"1eb3aaa\" data-element_type=\"column\">\n\t\t\t<div class=\"elementor-widget-wrap elementor-element-populated\">\n\t\t\t\t\t\t<div class=\"elementor-element elementor-element-e0cadd7 elementor-widget-divider--view-line elementor-widget elementor-widget-divider\" data-id=\"e0cadd7\" data-element_type=\"widget\" data-widget_type=\"divider.default\">\n\t\t\t\t<div class=\"elementor-widget-container\">\n\t\t\t\t\t<div class=\"elementor-divider\">\n\t\t\t<span class=\"elementor-divider-separator\">\n\t\t\t\t\t\t<\/span>\n\t\t<\/div>\n\t\t\t\t<\/div>\n\t\t\t\t<\/div>\n\t\t\t\t\t<\/div>\n\t\t<\/div>\n\t\t\t\t\t<\/div>\n\t\t<\/section>\n\t\t\t\t<header class=\"elementor-section elementor-top-section elementor-element elementor-element-c1dbde4 elementor-section-boxed elementor-section-height-default elementor-section-height-default\" data-id=\"c1dbde4\" data-element_type=\"section\">\n\t\t\t\t\t\t<div class=\"elementor-container elementor-column-gap-default\">\n\t\t\t\t\t<div class=\"elementor-column elementor-col-100 elementor-top-column elementor-element elementor-element-6ef000b\" data-id=\"6ef000b\" data-element_type=\"column\">\n\t\t\t<div class=\"elementor-widget-wrap\">\n\t\t\t\t\t\t\t<\/div>\n\t\t<\/div>\n\t\t\t\t\t<\/div>\n\t\t<\/header>\n\t\t\t\t<\/div>\n\t\t","protected":false},"excerpt":{"rendered":"<p>\u201eVerstehen statt auswendig lernen\u201c Durch praxisbezogene, nach M\u00f6glichkeit fallbasierte Vortr\u00e4ge sollen die Teilnehmer die Kompetenz erwerben, Theorie-Praxis \u00fcbergreifend zu denken sowie Grundlagenwissen selbstst\u00e4ndig anzuwenden und an die Situation anzupassen. &nbsp;\u201eTeaching mit Engagement und Herz, aus Freude am Beruf und den medizinischen M\u00f6glichkeiten\u201c Durch meine Motivation zu lehren, motiviere ich meine [&hellip;]<\/p>\n","protected":false},"author":1,"featured_media":439,"parent":0,"menu_order":0,"comment_status":"closed","ping_status":"closed","template":"elementor_theme","meta":{"_themeisle_gutenberg_block_has_review":false,"footnotes":""},"class_list":["post-199","page","type-page","status-publish","has-post-thumbnail","hentry"],"_links":{"self":[{"href":"https:\/\/veteccce.ch\/index.php?rest_route=\/wp\/v2\/pages\/199","targetHints":{"allow":["GET"]}}],"collection":[{"href":"https:\/\/veteccce.ch\/index.php?rest_route=\/wp\/v2\/pages"}],"about":[{"href":"https:\/\/veteccce.ch\/index.php?rest_route=\/wp\/v2\/types\/page"}],"author":[{"embeddable":true,"href":"https:\/\/veteccce.ch\/index.php?rest_route=\/wp\/v2\/users\/1"}],"replies":[{"embeddable":true,"href":"https:\/\/veteccce.ch\/index.php?rest_route=%2Fwp%2Fv2%2Fcomments&post=199"}],"version-history":[{"count":28,"href":"https:\/\/veteccce.ch\/index.php?rest_route=\/wp\/v2\/pages\/199\/revisions"}],"predecessor-version":[{"id":453,"href":"https:\/\/veteccce.ch\/index.php?rest_route=\/wp\/v2\/pages\/199\/revisions\/453"}],"wp:featuredmedia":[{"embeddable":true,"href":"https:\/\/veteccce.ch\/index.php?rest_route=\/wp\/v2\/media\/439"}],"wp:attachment":[{"href":"https:\/\/veteccce.ch\/index.php?rest_route=%2Fwp%2Fv2%2Fmedia&parent=199"}],"curies":[{"name":"wp","href":"https:\/\/api.w.org\/{rel}","templated":true}]}}