{"id":20,"date":"2021-07-01T19:38:06","date_gmt":"2021-07-01T19:38:06","guid":{"rendered":"https:\/\/veteccce.ch\/?page_id=20"},"modified":"2021-12-27T16:27:44","modified_gmt":"2021-12-27T14:27:44","slug":"home","status":"publish","type":"page","link":"https:\/\/veteccce.ch\/?page_id=20","title":{"rendered":"Home"},"content":{"rendered":"\t\t<div data-elementor-type=\"wp-page\" data-elementor-id=\"20\" class=\"elementor elementor-20\">\n\t\t\t\t\t\t<section class=\"elementor-section elementor-top-section elementor-element elementor-element-be8820f elementor-section-boxed elementor-section-height-default elementor-section-height-default\" data-id=\"be8820f\" data-element_type=\"section\">\n\t\t\t\t\t\t<div class=\"elementor-container elementor-column-gap-default\">\n\t\t\t\t\t<div class=\"elementor-column elementor-col-100 elementor-top-column elementor-element elementor-element-1113c82\" data-id=\"1113c82\" data-element_type=\"column\">\n\t\t\t<div class=\"elementor-widget-wrap elementor-element-populated\">\n\t\t\t\t\t\t<div class=\"elementor-element elementor-element-a207866 elementor-widget elementor-widget-text-editor\" data-id=\"a207866\" data-element_type=\"widget\" data-widget_type=\"text-editor.default\">\n\t\t\t\t<div class=\"elementor-widget-container\">\n\t\t\t\t\t\t\t<h1>\u00a0<\/h1>\n<h1 style=\"text-align: center;\"><strong><span style=\"color: #000000;\"><span style=\"color: #0000ff;\">V<\/span>ET ECC CE<\/span><\/strong><\/h1>\n<h3 style=\"text-align: center;\"><span style=\"color: #000000;\">Veterinary Emergency and Critical Care Consulting &amp; Education<\/span><\/h3>\t\t\t\t\t\t<\/div>\n\t\t\t\t<\/div>\n\t\t\t\t<div class=\"elementor-element elementor-element-56ba566 elementor-widget elementor-widget-spacer\" data-id=\"56ba566\" data-element_type=\"widget\" data-widget_type=\"spacer.default\">\n\t\t\t\t<div class=\"elementor-widget-container\">\n\t\t\t\t\t<div class=\"elementor-spacer\">\n\t\t\t<div class=\"elementor-spacer-inner\"><\/div>\n\t\t<\/div>\n\t\t\t\t<\/div>\n\t\t\t\t<\/div>\n\t\t\t\t\t<\/div>\n\t\t<\/div>\n\t\t\t\t\t<\/div>\n\t\t<\/section>\n\t\t\t\t<section class=\"elementor-section elementor-top-section elementor-element elementor-element-2b840432 elementor-section-boxed elementor-section-height-default elementor-section-height-default\" data-id=\"2b840432\" data-element_type=\"section\">\n\t\t\t\t\t\t<div class=\"elementor-container elementor-column-gap-default\">\n\t\t\t\t\t<div class=\"elementor-column elementor-col-100 elementor-top-column elementor-element elementor-element-907b2f8\" data-id=\"907b2f8\" data-element_type=\"column\">\n\t\t\t<div class=\"elementor-widget-wrap elementor-element-populated\">\n\t\t\t\t\t\t<div class=\"elementor-element elementor-element-69a72600 elementor-widget elementor-widget-text-editor\" data-id=\"69a72600\" data-element_type=\"widget\" data-widget_type=\"text-editor.default\">\n\t\t\t\t<div class=\"elementor-widget-container\">\n\t\t\t\t\t\t\t<p><!-- wp:image {\"id\":37,\"sizeSlug\":\"large\",\"linkDestination\":\"none\",\"className\":\"is-style-default\"} --><!-- \/wp:image --><!-- wp:paragraph {\"textColor\":\"black\",\"fontSize\":\"large\"} --><\/p>\n<p style=\"text-align: center;\"><span style=\"color: #000000;\">PD <\/span><a href=\"https:\/\/veteccce.ch\/?page_id=40\"><span style=\"color: #000000;\">Dr. med. vet. Nadja Sigrist<\/span><\/a><\/p>\n<p><!-- \/wp:paragraph --><!-- wp:media-text {\"mediaId\":23,\"mediaType\":\"image\",\"mediaWidth\":31} --><!-- \/wp:paragraph --><\/p>\t\t\t\t\t\t<\/div>\n\t\t\t\t<\/div>\n\t\t\t\t\t<\/div>\n\t\t<\/div>\n\t\t\t\t\t<\/div>\n\t\t<\/section>\n\t\t\t\t<section class=\"elementor-section elementor-top-section elementor-element elementor-element-10e9755 elementor-section-boxed elementor-section-height-default elementor-section-height-default\" data-id=\"10e9755\" data-element_type=\"section\">\n\t\t\t\t\t\t<div class=\"elementor-container elementor-column-gap-default\">\n\t\t\t\t\t<div class=\"elementor-column elementor-col-100 elementor-top-column elementor-element elementor-element-1029f18\" data-id=\"1029f18\" data-element_type=\"column\">\n\t\t\t<div class=\"elementor-widget-wrap elementor-element-populated\">\n\t\t\t\t\t\t<div class=\"elementor-element elementor-element-e793b19 elementor-widget-divider--view-line elementor-widget elementor-widget-divider\" data-id=\"e793b19\" data-element_type=\"widget\" data-widget_type=\"divider.default\">\n\t\t\t\t<div class=\"elementor-widget-container\">\n\t\t\t\t\t<div class=\"elementor-divider\">\n\t\t\t<span class=\"elementor-divider-separator\">\n\t\t\t\t\t\t<\/span>\n\t\t<\/div>\n\t\t\t\t<\/div>\n\t\t\t\t<\/div>\n\t\t\t\t<div class=\"elementor-element elementor-element-5cd3040 elementor-widget elementor-widget-spacer\" data-id=\"5cd3040\" data-element_type=\"widget\" data-widget_type=\"spacer.default\">\n\t\t\t\t<div class=\"elementor-widget-container\">\n\t\t\t\t\t<div class=\"elementor-spacer\">\n\t\t\t<div class=\"elementor-spacer-inner\"><\/div>\n\t\t<\/div>\n\t\t\t\t<\/div>\n\t\t\t\t<\/div>\n\t\t\t\t<div class=\"elementor-element elementor-element-b18e519 elementor-widget elementor-widget-text-editor\" data-id=\"b18e519\" data-element_type=\"widget\" data-widget_type=\"text-editor.default\">\n\t\t\t\t<div class=\"elementor-widget-container\">\n\t\t\t\t\t\t\t<blockquote class=\"wp-block-quote has-text-align-center is-style-large\"><\/blockquote>\n<blockquote>\n<p class=\"has-vivid-cyan-blue-color has-text-color\"><span><strong><em>\u00abNach 20 Jahren Praxiserfahrung an der Front, mehreren Jahren F\u00fchrungst\u00e4tigkeit und \u00fcber 1000 Vortr\u00e4gen und praktischen Weiterbildungen bin ich motivierter denn je, nicht nur mein Wissen, meine Erfahrung und meine Lehren aus eigenen Fehlern an die junge Tier\u00e4rztegeneration weiter zu geben, sondern ebenso die Freude und Befriedigung, das Bestm\u00f6gliche f\u00fcr den Notfall- oder Intensivpatienten und seinen Besitzer geleistet zu haben.\u00bb<\/em><\/strong><\/span><\/p>\n<\/blockquote>\t\t\t\t\t\t<\/div>\n\t\t\t\t<\/div>\n\t\t\t\t\t<\/div>\n\t\t<\/div>\n\t\t\t\t\t<\/div>\n\t\t<\/section>\n\t\t\t\t<section class=\"elementor-section elementor-top-section elementor-element elementor-element-4b16b4e elementor-section-boxed elementor-section-height-default elementor-section-height-default\" data-id=\"4b16b4e\" data-element_type=\"section\">\n\t\t\t\t\t\t<div class=\"elementor-container elementor-column-gap-default\">\n\t\t\t\t\t<div class=\"elementor-column elementor-col-100 elementor-top-column elementor-element elementor-element-b34d8ab\" data-id=\"b34d8ab\" data-element_type=\"column\">\n\t\t\t<div class=\"elementor-widget-wrap elementor-element-populated\">\n\t\t\t\t\t\t<div class=\"elementor-element elementor-element-d1e0e92 elementor-widget-divider--view-line elementor-widget elementor-widget-divider\" data-id=\"d1e0e92\" data-element_type=\"widget\" data-widget_type=\"divider.default\">\n\t\t\t\t<div class=\"elementor-widget-container\">\n\t\t\t\t\t<div class=\"elementor-divider\">\n\t\t\t<span class=\"elementor-divider-separator\">\n\t\t\t\t\t\t<\/span>\n\t\t<\/div>\n\t\t\t\t<\/div>\n\t\t\t\t<\/div>\n\t\t\t\t\t<\/div>\n\t\t<\/div>\n\t\t\t\t\t<\/div>\n\t\t<\/section>\n\t\t\t\t<\/div>\n\t\t","protected":false},"excerpt":{"rendered":"<p>\u00a0 VET ECC CE Veterinary Emergency and Critical Care Consulting &amp; Education PD Dr. med. vet. Nadja Sigrist \u00abNach 20 Jahren Praxiserfahrung an der Front, mehreren Jahren F\u00fchrungst\u00e4tigkeit und \u00fcber 1000 Vortr\u00e4gen und praktischen Weiterbildungen bin ich motivierter denn je, nicht nur mein Wissen, meine Erfahrung und meine Lehren aus [&hellip;]<\/p>\n","protected":false},"author":1,"featured_media":339,"parent":0,"menu_order":0,"comment_status":"closed","ping_status":"closed","template":"elementor_theme","meta":{"_themeisle_gutenberg_block_has_review":false,"footnotes":""},"class_list":["post-20","page","type-page","status-publish","has-post-thumbnail","hentry"],"_links":{"self":[{"href":"https:\/\/veteccce.ch\/index.php?rest_route=\/wp\/v2\/pages\/20","targetHints":{"allow":["GET"]}}],"collection":[{"href":"https:\/\/veteccce.ch\/index.php?rest_route=\/wp\/v2\/pages"}],"about":[{"href":"https:\/\/veteccce.ch\/index.php?rest_route=\/wp\/v2\/types\/page"}],"author":[{"embeddable":true,"href":"https:\/\/veteccce.ch\/index.php?rest_route=\/wp\/v2\/users\/1"}],"replies":[{"embeddable":true,"href":"https:\/\/veteccce.ch\/index.php?rest_route=%2Fwp%2Fv2%2Fcomments&post=20"}],"version-history":[{"count":58,"href":"https:\/\/veteccce.ch\/index.php?rest_route=\/wp\/v2\/pages\/20\/revisions"}],"predecessor-version":[{"id":914,"href":"https:\/\/veteccce.ch\/index.php?rest_route=\/wp\/v2\/pages\/20\/revisions\/914"}],"wp:featuredmedia":[{"embeddable":true,"href":"https:\/\/veteccce.ch\/index.php?rest_route=\/wp\/v2\/media\/339"}],"wp:attachment":[{"href":"https:\/\/veteccce.ch\/index.php?rest_route=%2Fwp%2Fv2%2Fmedia&parent=20"}],"curies":[{"name":"wp","href":"https:\/\/api.w.org\/{rel}","templated":true}]}}