{"id":382,"date":"2021-07-06T21:50:47","date_gmt":"2021-07-06T19:50:47","guid":{"rendered":"https:\/\/veteccce.ch\/?page_id=382"},"modified":"2021-07-08T11:04:17","modified_gmt":"2021-07-08T09:04:17","slug":"datenschutz","status":"publish","type":"page","link":"https:\/\/veteccce.ch\/?page_id=382","title":{"rendered":"Datenschutz"},"content":{"rendered":"\t\t<div data-elementor-type=\"wp-page\" data-elementor-id=\"382\" class=\"elementor elementor-382\">\n\t\t\t\t\t\t<section class=\"elementor-section elementor-top-section elementor-element elementor-element-5dbe08f elementor-section-boxed elementor-section-height-default elementor-section-height-default\" data-id=\"5dbe08f\" data-element_type=\"section\">\n\t\t\t\t\t\t<div class=\"elementor-container elementor-column-gap-default\">\n\t\t\t\t\t<div class=\"elementor-column elementor-col-100 elementor-top-column elementor-element elementor-element-b0a2273\" data-id=\"b0a2273\" data-element_type=\"column\">\n\t\t\t<div class=\"elementor-widget-wrap elementor-element-populated\">\n\t\t\t\t\t\t<div class=\"elementor-element elementor-element-d1b4d0c elementor-widget elementor-widget-text-editor\" data-id=\"d1b4d0c\" data-element_type=\"widget\" data-widget_type=\"text-editor.default\">\n\t\t\t\t<div class=\"elementor-widget-container\">\n\t\t\t\t\t\t\t<div class=\"mod mod-headline\" id=\"-105375624\"><h3>Haftung<\/h3><\/div><div class=\"mod mod-text\"><article class=\"clearfix\"><p>Obwohl VET ECC CE Nadja Sigrist mit aller Sorgfalt auf die Richtigkeit der ver\u00f6ffentlichten Informationen achten, kann hinsichtlich der inhaltlichen Richtigkeit, Genauigkeit, Aktualit\u00e4t, Zuverl\u00e4ssigkeit und Vollst\u00e4ndigkeit dieser Informationen keine Gew\u00e4hrleistung \u00fcbernommen werden.<\/p><p>VET ECC CE Nadja Sigrist sich ausdr\u00fccklich vor, jederzeit Inhalte ohne Ank\u00fcndigung ganz oder teilweise zu \u00e4ndern, zu l\u00f6schen oder zeitweise nicht zu ver\u00f6ffentlichen.<\/p><p>Haftungsanspr\u00fcche gegen VET ECC CE Nadja Sigrist wegen Sch\u00e4den materieller oder immaterieller Art, welche aus dem Zugriff oder der Nutzung bzw. Nichtnutzung der ver\u00f6ffentlichten Informationen, durch Missbrauch der Verbindung oder durch technische St\u00f6rungen entstanden sind, werden ausgeschlossen.<\/p><\/article><\/div><div class=\"mod mod-headline\" id=\"-113150536\"><h3>Verweise und Links<\/h3><\/div><div class=\"mod mod-text\"><article class=\"clearfix\"><p>Verweise und Links auf Webseiten Dritter liegen ausserhalb des Verantwortungsbereichs von VET ECC CE Nadja Sigrist. Der Zugriff und die Nutzung solcher Webseiten erfolgen auf eigene Gefahr des Nutzers oder der Nutzerin. VET ECC CE Nadja Sigrist erkl\u00e4rt ausdr\u00fccklich, dass sie keinerlei Einfluss auf die Gestaltung, den Inhalt und die Angebote der verkn\u00fcpften Seiten haben. Informationen und Dienstleistungen von verkn\u00fcpften Webseiten liegen vollumf\u00e4nglich in der Verantwortung des jeweiligen Dritten.<\/p><p>Es wird jegliche Verantwortung f\u00fcr solche Webseiten abgelehnt.<\/p><\/article><\/div><div class=\"mod mod-headline\" id=\"-1071362010\"><\/div><div class=\"mod mod-text\"><article class=\"clearfix\"><p><\/p><p><\/p><\/article><\/div><div class=\"mod mod-headline\" id=\"-827789746\"><h2>Datenschutzerkl\u00e4rung<\/h2><\/div><h3 class=\"mod mod-headline\">Allgemeine Hinweise<\/h3><div class=\"mod mod-text\"><article class=\"clearfix\"><p>Deine Daten sind f\u00fcr mich Vertrauenssache. Es werden nur Personendaten erhoben, die zur<br \/>Erf\u00fcllung der Aufgaben unbedingt erforderlich sind (Datensparsamkeit). Gespeicherte Daten werden sorgf\u00e4ltig verwaltet und vor Missbr\u00e4uchen jeder Art gesch\u00fctzt.<\/p><p><\/p><\/article><\/div><h3 class=\"mod mod-headline\">Geltungsbereich<\/h3><div class=\"mod mod-text\"><article class=\"clearfix\"><p>Diese Datenschutzerkl\u00e4rung gilt f\u00fcr den Internetauftritt aller Seiten VET ECC CE Nadja Sigrist unter der Domain \u201eveteccce.ch\u201c.<\/p><p>Diese Datenschutzerkl\u00e4rung kann jederzeit ohne Vorank\u00fcndigung ge\u00e4ndert werden. F\u00fcr Internetseiten anderer Anbieter, auf die hier verwiesen wird, gelten deren Datenschutzhinweise und -erkl\u00e4rungen.<\/p><p><\/p><\/article><\/div><div class=\"mod mod-headline\"><h3>Verweise<\/h3><\/div><div class=\"mod mod-text\"><article class=\"clearfix\"><p>VET ECC CE Nadja Sigrist hat weder Einfluss auf externe Seiten, auf die sie verweist, noch auf externe Seiten, die auf Angebote von VET ECC CE Nadja Sigrist verweisen. Somit kann VET ECC CE Nadja Sigrist in Bezug auf solche Seiten nicht garantieren, dass die darin enthaltenen Informationen richtig sind oder dass sie frei von Malware (wie z.B. Viren) sind. Informationen und Dienstleistungen von verkn\u00fcpften Webseiten oder Webdiensten liegen vollumf\u00e4nglich in der Verantwortung des jeweiligen Dritten. Es wird jegliche Verantwortung f\u00fcr solche Webseiten oder Webdienste abgelehnt.<\/p><\/article><\/div><div class=\"mod mod-headline\"><h3>Was passiert mit Deinen Daten?<\/h3><\/div><div class=\"mod mod-headline\"><h4>a) Aufbewahrung und L\u00f6schung<\/h4><\/div><div class=\"mod mod-text\"><article class=\"clearfix\"><p>Die Bearbeitung von Personendaten auf dieser Website beschr\u00e4nkt sich auf jene Daten, die zur Bereitstellung einer funktionsf\u00e4higen Internetseite sowie nutzerfreundlicher Inhalte und Leistungen erforderlich sind oder auf die Daten, die Du mir aktiv bereitgestellt hast (z. B. Kursanmeldung). Die von mir erhobenen Personendaten werden nur so lange aufbewahrt, wie es f\u00fcr die Erf\u00fcllung des jeweiligen Zwecks notwendig ist. Gesetzliche Vorgaben oder weitere Pflichten k\u00f6nnen zu einer l\u00e4ngeren Aufbewahrung f\u00fchren.<\/p><\/article><\/div><div class=\"mod mod-headline\"><h4>Speicherung beim Ausf\u00fcllen eines Formulars<\/h4><\/div><div class=\"mod mod-text\"><article class=\"clearfix\"><p>Wenn Du ein Formular auf dieser Webseite ausf\u00fcllst werden die Daten soweit dies f\u00fcr die Erf\u00fcllung des Bearbeitungszwecks bzw. Erledigung des Auftrags erforderlich ist, verarbeitet. In der Regel sind alle Angaben freiwillig. Pflichtfelder werden nur als solche gekennzeichnet, sofern diese Angaben erforderlich sind f\u00fcr die Erf\u00fcllung der gesetzlichen Aufgabe oder deines Anliegens (z.B Name f\u00fcr ein Zertifikat). Diese Daten werden sp\u00e4testens gel\u00f6scht, wenn die gesetzliche Aufbewahrungsfrist abgelaufen ist.<\/p><\/article><\/div><div class=\"mod mod-headline\"><\/div><div class=\"mod mod-text\"><article class=\"clearfix\"><p><\/p><\/article><\/div><div class=\"mod mod-headline\"><h4>Speicherung zwecks Webanalyse<\/h4><\/div><div class=\"mod mod-text\"><article class=\"clearfix\"><p>Beim Zugriff auf diese Website werden folgende Daten in Logfiles gespeichert: IP-Adresse, Datum, Uhrzeit, Browser-Anfrage und \u00fcbertragene Informationen zum verwendeten Ger\u00e4t inkl. Betriebssystem und Browser. Diese Daten k\u00f6nnen mit Webanalyse-Werkzeugen ausgewertet werden. <\/p><p><b>Webanalyse-Werkzeuge<\/b>:\u00a0 Verwendet werden Managed Server bei der Firma Metanet (Schweiz) AG. Die gewonnenen Daten werden ausschliesslich f\u00fcr die Webanalyse genutzt, sie werden nicht geteilt oder mit anderen Datens\u00e4tzen zusammengef\u00fchrt.<\/p><\/article><\/div><div class=\"mod mod-headline\"><h4>Cookies<\/h4><\/div><div class=\"mod mod-text\"><article class=\"clearfix\"><p>Cookies k\u00f6nnen auf dieser webiste verwendet werden, um den Besuch der Website attraktiver zu machen und die Nutzung bestimmter Funktionen zu erm\u00f6glichen. Hierbei handelt es sich um kleine Textdateien, die auf deinem Computer abgelegt werden. Die meisten der verwendeten Cookies werden nach Ende der Browser-Sitzung wieder von deinier Festplatte gel\u00f6scht (sog. Sitzungs- oder Session-Cookies). Andere Cookies verbleiben auf deinem Computer und erm\u00f6glichen, dich bei deinem n\u00e4chsten Besuch wieder zu erkennen (sog. dauerhafte Cookies).<\/p><p>Du kannst die Speicherung von Cookies in deinem Browser verhindern, indem du\u00a0 die Speicherung und das Lesen von Cookies einschr\u00e4nkst oder ausschaltear. <\/p><\/article><\/div><div class=\"mod mod-headline\"><\/div><div class=\"mod mod-text\"><article class=\"clearfix\"><h3>Deine Rechte<\/h3><\/article><\/div><div class=\"mod mod-text\"><article class=\"clearfix\"><p>Du hast das Recht, jederzeit unentgeltlich Auskunft \u00fcber die Bearbeitung deiner personenbezogenen Daten\u00a0 zu verlangen. Wende dich dazu an veteccce@bluewin.ch. Weitere Rechte wie das Recht auf Datenl\u00f6schung, Datenberichtigung, Einschr\u00e4nkung der Datenverarbeitung und das Recht auf Daten\u00fcbertragung bestehen im gesetzlich vorgeschriebenen Rahmen.<\/p><p>Die Erfassung der Daten zur Bereitstellung der Website und die Speicherung von Daten in Logfiles ist f\u00fcr den Betrieb dieser Website zwingend erforderlich. Es besteht deshalb diesbez\u00fcglich seitens der Nutzerinnen und Nutzer dieser Website kein Widerspruchsrecht.<\/p><\/article><\/div><div class=\"mod mod-headline\"><h3>Datensicherheit<\/h3><\/div><div class=\"mod mod-text\"><article class=\"clearfix\"><p>Webseite: VET ECC CE Nadaj Sigrist verwendet innerhalb des Webseite-Besuchs eine verschl\u00fcsselte Datenkommunikation auf Basis von TLS in Verbindung mit der jeweils h\u00f6chsten Verschl\u00fcsselungsstufe, die von deinem Browser unterst\u00fctzt wird. Ob eine einzelne Seite des Internetauftrittes verschl\u00fcsselt \u00fcbertragen wird, erkennst du an der geschlossenen Darstellung des Schl\u00fcssel- beziehungsweise Schloss-Symbols in der Adressleiste Ihres Browsers.<\/p><p>Allgemeine Datenverarbeitung: . Die Sicherheitsmassnahmen\u00a0 entsprechen dem aktuellen Stand der Technik.<\/p><\/article><\/div><div class=\"mod mod-headline\"><h3>Name und Kontaktdaten des Verantwortlichen<\/h3><\/div><div class=\"mod mod-text\"><article class=\"clearfix\"><p>veteccce@bluewin.ch<\/p><\/article><\/div>\t\t\t\t\t\t<\/div>\n\t\t\t\t<\/div>\n\t\t\t\t\t<\/div>\n\t\t<\/div>\n\t\t\t\t\t<\/div>\n\t\t<\/section>\n\t\t\t\t<\/div>\n\t\t","protected":false},"excerpt":{"rendered":"<p>Haftung Obwohl VET ECC CE Nadja Sigrist mit aller Sorgfalt auf die Richtigkeit der ver\u00f6ffentlichten Informationen achten, kann hinsichtlich der inhaltlichen Richtigkeit, Genauigkeit, Aktualit\u00e4t, Zuverl\u00e4ssigkeit und Vollst\u00e4ndigkeit dieser Informationen keine Gew\u00e4hrleistung \u00fcbernommen werden. VET ECC CE Nadja Sigrist sich ausdr\u00fccklich vor, jederzeit Inhalte ohne Ank\u00fcndigung ganz oder teilweise zu \u00e4ndern, [&hellip;]<\/p>\n","protected":false},"author":1,"featured_media":0,"parent":0,"menu_order":0,"comment_status":"closed","ping_status":"closed","template":"page-templates\/template-pagebuilder-full-width.php","meta":{"_themeisle_gutenberg_block_has_review":false,"footnotes":""},"class_list":["post-382","page","type-page","status-publish","hentry"],"_links":{"self":[{"href":"https:\/\/veteccce.ch\/index.php?rest_route=\/wp\/v2\/pages\/382","targetHints":{"allow":["GET"]}}],"collection":[{"href":"https:\/\/veteccce.ch\/index.php?rest_route=\/wp\/v2\/pages"}],"about":[{"href":"https:\/\/veteccce.ch\/index.php?rest_route=\/wp\/v2\/types\/page"}],"author":[{"embeddable":true,"href":"https:\/\/veteccce.ch\/index.php?rest_route=\/wp\/v2\/users\/1"}],"replies":[{"embeddable":true,"href":"https:\/\/veteccce.ch\/index.php?rest_route=%2Fwp%2Fv2%2Fcomments&post=382"}],"version-history":[{"count":6,"href":"https:\/\/veteccce.ch\/index.php?rest_route=\/wp\/v2\/pages\/382\/revisions"}],"predecessor-version":[{"id":1009,"href":"https:\/\/veteccce.ch\/index.php?rest_route=\/wp\/v2\/pages\/382\/revisions\/1009"}],"wp:attachment":[{"href":"https:\/\/veteccce.ch\/index.php?rest_route=%2Fwp%2Fv2%2Fmedia&parent=382"}],"curies":[{"name":"wp","href":"https:\/\/api.w.org\/{rel}","templated":true}]}}