{"id":40,"date":"2021-07-02T08:31:05","date_gmt":"2021-07-02T08:31:05","guid":{"rendered":"https:\/\/veteccce.ch\/?page_id=40"},"modified":"2021-10-11T13:32:56","modified_gmt":"2021-10-11T11:32:56","slug":"uber-mich","status":"publish","type":"page","link":"https:\/\/veteccce.ch\/?page_id=40","title":{"rendered":"\u00dcber mich"},"content":{"rendered":"\t\t<div data-elementor-type=\"wp-page\" data-elementor-id=\"40\" class=\"elementor elementor-40\">\n\t\t\t\t\t\t<section class=\"elementor-section elementor-top-section elementor-element elementor-element-413ba450 elementor-section-full_width elementor-section-height-default elementor-section-height-default\" data-id=\"413ba450\" data-element_type=\"section\">\n\t\t\t\t\t\t<div class=\"elementor-container elementor-column-gap-default\">\n\t\t\t\t\t<div class=\"elementor-column elementor-col-100 elementor-top-column elementor-element elementor-element-3985e947\" data-id=\"3985e947\" data-element_type=\"column\">\n\t\t\t<div class=\"elementor-widget-wrap elementor-element-populated\">\n\t\t\t\t\t\t<div class=\"elementor-element elementor-element-0192e47 elementor-widget elementor-widget-text-editor\" data-id=\"0192e47\" data-element_type=\"widget\" data-widget_type=\"text-editor.default\">\n\t\t\t\t<div class=\"elementor-widget-container\">\n\t\t\t\t\t\t\t<p style=\"text-align: center;\"><strong>Dr. med. vet. Nadja Sigrist<\/strong><\/p>\n<p style=\"text-align: center;\"><strong>Fachtierarzt FVH f\u00fcr Kleintiere, Diplomate ACVECC &amp; ECVECC <\/strong><br \/><strong>EBVS\u00ae Specialist in Small Animal Emergency and Critical Care<\/strong><\/p>\t\t\t\t\t\t<\/div>\n\t\t\t\t<\/div>\n\t\t\t\t<div class=\"elementor-element elementor-element-a23c81f elementor-widget elementor-widget-spacer\" data-id=\"a23c81f\" data-element_type=\"widget\" data-widget_type=\"spacer.default\">\n\t\t\t\t<div class=\"elementor-widget-container\">\n\t\t\t\t\t<div class=\"elementor-spacer\">\n\t\t\t<div class=\"elementor-spacer-inner\"><\/div>\n\t\t<\/div>\n\t\t\t\t<\/div>\n\t\t\t\t<\/div>\n\t\t\t\t<div class=\"elementor-element elementor-element-18812363 elementor-widget__width-initial elementor-widget elementor-widget-text-editor\" data-id=\"18812363\" data-element_type=\"widget\" data-widget_type=\"text-editor.default\">\n\t\t\t\t<div class=\"elementor-widget-container\">\n\t\t\t\t\t\t\t<p><!-- wp:paragraph --><\/p>\n<ul>\n<li>Tier\u00e4rztin seit 1996<\/li>\n<li>Fachtier\u00e4rztin FVH f\u00fcr Kleintiere seit 2003<\/li>\n<li>Diplomate American College of Veterinary Emergency and Critical Care (ACVECC) seit 2004<\/li>\n<li>EBVS\u00ae Specialist in Veterinary Emergency and Critical Care (ECVECC) seit 2014 (Gr\u00fcndungsmitglied)<\/li>\n<li>Oberassistentin, Aufbau Notfall- und Intensivmedizin Kleintierklinik Tierspital Bern 2005-2010<\/li>\n<li>Mitglied und Leitung Kommission FVH f\u00fcr Kleintiere 2008-2016<\/li>\n<li>Assistant Editor Journal Veterinary Emergency and Critical Care 2007-2015<\/li>\n<li>Ober\u00e4rztin, Abteilungsleiterin, Aufbau Intensivstation Kleintierklinik Tierspital Z\u00fcrich 2013-2020<\/li>\n<li>Privatdozentin f\u00fcr Notfall- und Intensivmedizin 2021. Habilitation auf dem Gebiet der Rotationsthromboelastometrie bei Hund und Katze<\/li>\n<li>Eigent\u00fcmerin Veterinary Emergency and Critical Care Consulting &amp; Education (VET ECC CE)<\/li>\n<li>Hrsg. \u201eNotfallmedizin f\u00fcr Hund und Katze\u201c, Enke Verlag 2017 und \u201eErstversorgung von Traumapatienten\u201c Schl\u00fctersche 2011<\/li>\n<\/ul>\n<p><!-- \/wp:paragraph --><\/p>\t\t\t\t\t\t<\/div>\n\t\t\t\t<\/div>\n\t\t\t\t<div class=\"elementor-element elementor-element-4cd31f1 elementor-widget elementor-widget-spacer\" data-id=\"4cd31f1\" data-element_type=\"widget\" data-widget_type=\"spacer.default\">\n\t\t\t\t<div class=\"elementor-widget-container\">\n\t\t\t\t\t<div class=\"elementor-spacer\">\n\t\t\t<div class=\"elementor-spacer-inner\"><\/div>\n\t\t<\/div>\n\t\t\t\t<\/div>\n\t\t\t\t<\/div>\n\t\t\t\t<div class=\"elementor-element elementor-element-57aa0b4 elementor-widget-divider--view-line elementor-widget elementor-widget-divider\" data-id=\"57aa0b4\" data-element_type=\"widget\" data-widget_type=\"divider.default\">\n\t\t\t\t<div class=\"elementor-widget-container\">\n\t\t\t\t\t<div class=\"elementor-divider\">\n\t\t\t<span class=\"elementor-divider-separator\">\n\t\t\t\t\t\t<\/span>\n\t\t<\/div>\n\t\t\t\t<\/div>\n\t\t\t\t<\/div>\n\t\t\t\t\t<\/div>\n\t\t<\/div>\n\t\t\t\t\t<\/div>\n\t\t<\/section>\n\t\t\t\t<section class=\"elementor-section elementor-top-section elementor-element elementor-element-9b59c90 elementor-section-boxed elementor-section-height-default elementor-section-height-default\" data-id=\"9b59c90\" data-element_type=\"section\">\n\t\t\t\t\t\t<div class=\"elementor-container elementor-column-gap-default\">\n\t\t\t\t\t<div class=\"elementor-column elementor-col-100 elementor-top-column elementor-element elementor-element-1647337\" data-id=\"1647337\" data-element_type=\"column\">\n\t\t\t<div class=\"elementor-widget-wrap elementor-element-populated\">\n\t\t\t\t\t\t<div class=\"elementor-element elementor-element-5159f18 elementor-widget elementor-widget-text-editor\" data-id=\"5159f18\" data-element_type=\"widget\" data-widget_type=\"text-editor.default\">\n\t\t\t\t<div class=\"elementor-widget-container\">\n\t\t\t\t\t\t\t<blockquote>\n<p><b>Meine Arbeitsweise von A-Z: <\/b><\/p>\n<p>auf Augenh\u00f6he, belastbar, couragiert, dynamisch, effizient, fair, genau, hilfsbereit, innovativ, kreativ, lehrend und lernend, motivierend, nachhaltig, organisiert, praxisorientiert, qualifiziert, respektvoll, selbstst\u00e4ndig, team-orientiert, unkompliziert, verantwortungsbewusst, wohlwollend, zupackend<\/p>\n<\/blockquote>\t\t\t\t\t\t<\/div>\n\t\t\t\t<\/div>\n\t\t\t\t\t<\/div>\n\t\t<\/div>\n\t\t\t\t\t<\/div>\n\t\t<\/section>\n\t\t\t\t<section class=\"elementor-section elementor-top-section elementor-element elementor-element-09acedb elementor-section-boxed elementor-section-height-default elementor-section-height-default\" data-id=\"09acedb\" data-element_type=\"section\">\n\t\t\t\t\t\t<div class=\"elementor-container elementor-column-gap-default\">\n\t\t\t\t\t<div class=\"elementor-column elementor-col-100 elementor-top-column elementor-element elementor-element-9fd424c\" data-id=\"9fd424c\" data-element_type=\"column\">\n\t\t\t<div class=\"elementor-widget-wrap elementor-element-populated\">\n\t\t\t\t\t\t<div class=\"elementor-element elementor-element-760067d elementor-widget-divider--view-line elementor-widget elementor-widget-divider\" data-id=\"760067d\" data-element_type=\"widget\" data-widget_type=\"divider.default\">\n\t\t\t\t<div class=\"elementor-widget-container\">\n\t\t\t\t\t<div class=\"elementor-divider\">\n\t\t\t<span class=\"elementor-divider-separator\">\n\t\t\t\t\t\t<\/span>\n\t\t<\/div>\n\t\t\t\t<\/div>\n\t\t\t\t<\/div>\n\t\t\t\t\t<\/div>\n\t\t<\/div>\n\t\t\t\t\t<\/div>\n\t\t<\/section>\n\t\t\t\t<\/div>\n\t\t","protected":false},"excerpt":{"rendered":"<p>Dr. med. vet. Nadja Sigrist Fachtierarzt FVH f\u00fcr Kleintiere, Diplomate ACVECC &amp; ECVECC EBVS\u00ae Specialist in Small Animal Emergency and Critical Care Tier\u00e4rztin seit 1996 Fachtier\u00e4rztin FVH f\u00fcr Kleintiere seit 2003 Diplomate American College of Veterinary Emergency and Critical Care (ACVECC) seit 2004 EBVS\u00ae Specialist in Veterinary Emergency and Critical [&hellip;]<\/p>\n","protected":false},"author":1,"featured_media":64,"parent":0,"menu_order":0,"comment_status":"closed","ping_status":"closed","template":"elementor_theme","meta":{"_themeisle_gutenberg_block_has_review":false,"footnotes":""},"class_list":["post-40","page","type-page","status-publish","has-post-thumbnail","hentry"],"_links":{"self":[{"href":"https:\/\/veteccce.ch\/index.php?rest_route=\/wp\/v2\/pages\/40","targetHints":{"allow":["GET"]}}],"collection":[{"href":"https:\/\/veteccce.ch\/index.php?rest_route=\/wp\/v2\/pages"}],"about":[{"href":"https:\/\/veteccce.ch\/index.php?rest_route=\/wp\/v2\/types\/page"}],"author":[{"embeddable":true,"href":"https:\/\/veteccce.ch\/index.php?rest_route=\/wp\/v2\/users\/1"}],"replies":[{"embeddable":true,"href":"https:\/\/veteccce.ch\/index.php?rest_route=%2Fwp%2Fv2%2Fcomments&post=40"}],"version-history":[{"count":65,"href":"https:\/\/veteccce.ch\/index.php?rest_route=\/wp\/v2\/pages\/40\/revisions"}],"predecessor-version":[{"id":739,"href":"https:\/\/veteccce.ch\/index.php?rest_route=\/wp\/v2\/pages\/40\/revisions\/739"}],"wp:featuredmedia":[{"embeddable":true,"href":"https:\/\/veteccce.ch\/index.php?rest_route=\/wp\/v2\/media\/64"}],"wp:attachment":[{"href":"https:\/\/veteccce.ch\/index.php?rest_route=%2Fwp%2Fv2%2Fmedia&parent=40"}],"curies":[{"name":"wp","href":"https:\/\/api.w.org\/{rel}","templated":true}]}}